{"id":339,"date":"2022-11-04T15:03:59","date_gmt":"2022-11-04T15:03:59","guid":{"rendered":"http:\/\/robindesmoulins.fr\/?page_id=339"},"modified":"2024-05-29T09:55:07","modified_gmt":"2024-05-29T09:55:07","slug":"seminaires-et-reunions-professionnelles","status":"publish","type":"page","link":"https:\/\/robindesmoulins.fr\/index.php\/seminaires-et-reunions-professionnelles\/","title":{"rendered":"Venir en outworking"},"content":{"rendered":"\n<p>Enti\u00e8rement privatisable, notre espace d&rsquo;outworking s\u2019agence et se module selon vos besoins. <\/p>\n\n\n\n<p>Fonctionnel et confortable, <a href=\"https:\/\/robindesmoulins.fr\/\" target=\"_blank\" rel=\"noreferrer noopener\">Robin des moulins<\/a> propose un espace cl\u00e9 en main enti\u00e8rement \u00e9quip\u00e9 (wifi haut d\u00e9bit via la fibre, vid\u00e9o projecteur, paper boards, &#8230;) pour organiser des s\u00e9minaires, des r\u00e9unions de travail, des journ\u00e9es d&rsquo;\u00e9tude, des ateliers de cr\u00e9ativit\u00e9, des conf\u00e9rences, &#8230; ou tout autre \u00e9v\u00e8nement professionnel sur une journ\u00e9e ou plusieurs journ\u00e9es. <\/p>\n\n\n\n<p>Con\u00e7ues par des architectes et designers sp\u00e9cialistes des nouveaux modes de travail et de l&rsquo;exp\u00e9rience collaborateur, la r\u00e9novation et l&rsquo;am\u00e9nagement du moulin ont \u00e9t\u00e9 pens\u00e9s pour r\u00e9pondre aux nouvelles attentes des entreprises tout en pr\u00e9servant le charme des vieilles pierres et en recherchant la durabilit\u00e9. Venir au moulin est l&rsquo;occasion de resserrer les liens entre les collaborateurs en partageant un moment chaleureux dans une atmosph\u00e8re \u00ab\u00a0comme \u00e0 la maison\u00a0\u00bb o\u00f9 les \u00e9quipements professionnels se marient avec le mobilier ancien chin\u00e9 localement (vive l&rsquo;\u00e9conomie circulaire !). <\/p>\n\n\n\n<p>C&rsquo;est aussi une belle opportunit\u00e9 pour se relier \u00e0 la nature et prendre du recul sur le quotidien pour retrouver du sens \u00e0 ses missions. <\/p>\n\n\n\n<div style=\"height:100px\" aria-hidden=\"true\" class=\"wp-block-spacer\"><\/div>\n\n\n\n<div class=\"wp-block-media-text alignwide is-stacked-on-mobile is-vertically-aligned-center has-nv-light-bg-background-color has-background\"><figure class=\"wp-block-media-text__media\"><img loading=\"lazy\" decoding=\"async\" width=\"2557\" height=\"2560\" src=\"https:\/\/robindesmoulins.fr\/wp-content\/uploads\/2022\/11\/image_6487327-4-scaled.jpg\" alt=\"\" class=\"wp-image-354 size-full\" srcset=\"https:\/\/robindesmoulins.fr\/wp-content\/uploads\/2022\/11\/image_6487327-4-scaled.jpg 2557w, https:\/\/robindesmoulins.fr\/wp-content\/uploads\/2022\/11\/image_6487327-4-300x300.jpg 300w, https:\/\/robindesmoulins.fr\/wp-content\/uploads\/2022\/11\/image_6487327-4-1024x1024.jpg 1024w, https:\/\/robindesmoulins.fr\/wp-content\/uploads\/2022\/11\/image_6487327-4-150x150.jpg 150w, https:\/\/robindesmoulins.fr\/wp-content\/uploads\/2022\/11\/image_6487327-4-768x769.jpg 768w, https:\/\/robindesmoulins.fr\/wp-content\/uploads\/2022\/11\/image_6487327-4-1534x1536.jpg 1534w, https:\/\/robindesmoulins.fr\/wp-content\/uploads\/2022\/11\/image_6487327-4-2046x2048.jpg 2046w\" sizes=\"auto, (max-width: 2557px) 100vw, 2557px\" \/><\/figure><div class=\"wp-block-media-text__content\">\n<div class=\"wp-block-group is-vertical is-content-justification-left is-layout-flex wp-container-core-group-is-layout-a44464cd wp-block-group-is-layout-flex\" style=\"padding-top:2em;padding-right:2em;padding-bottom:2em;padding-left:2em\">\n<h2 class=\"wp-block-heading\" style=\"font-size:36px\"><\/h2>\n\n\n\n<h2 class=\"wp-block-heading has-large-font-size\">Mettez-vous au vert ! <\/h2>\n\n\n\n<h3 class=\"wp-block-heading has-medium-font-size\">R\u00e9servez d\u00e8s maintenant votre ouworking au moulin. <\/h3>\n<\/div>\n\n\n\n<div class=\"wp-block-buttons is-content-justification-left is-layout-flex wp-container-core-buttons-is-layout-fdcfc74e wp-block-buttons-is-layout-flex\">\n<div class=\"wp-block-button is-style-default\"><a class=\"wp-block-button__link has-neve-link-color-background-color has-background wp-element-button\" href=\"\" target=\"_blank\" rel=\"noreferrer noopener\">Demander un Devis<\/a><\/div>\n<\/div>\n<\/div><\/div>\n\n\n\n<div style=\"height:30px\" aria-hidden=\"true\" class=\"wp-block-spacer\"><\/div>\n\n\n\n<div class=\"wp-block-columns alignwide is-layout-flex wp-container-core-columns-is-layout-9d6595d7 wp-block-columns-is-layout-flex\">\n<div class=\"wp-block-column has-nv-text-dark-bg-color has-nv-dark-bg-background-color has-text-color has-background has-link-color wp-elements-566f3d4019e4179e6cca81870a333800 is-layout-flow wp-block-column-is-layout-flow\" style=\"padding-top:2em;padding-right:2em;padding-bottom:2em;padding-left:2em\">\n<h3 class=\"wp-block-heading\" id=\"patron\" style=\"font-size:28px\"><strong>Une jour<\/strong>n\u00e9e d&rsquo;outworking<\/h3>\n\n\n\n<p style=\"font-size:15px\">Pour une mise au vert imm\u00e9diate \u00e0 la campagne \u00e0 moins d&rsquo;une heure de Paris<\/p>\n\n\n\n<hr class=\"wp-block-separator has-css-opacity is-style-wide\"\/>\n\n\n\n<div style=\"height:12px\" aria-hidden=\"true\" class=\"wp-block-spacer\"><\/div>\n<\/div>\n\n\n\n<div class=\"wp-block-column has-nv-text-dark-bg-color has-nv-dark-bg-background-color has-text-color has-background has-link-color wp-elements-87f77a52f854c745615d1701135ab30b is-layout-flow wp-block-column-is-layout-flow\" style=\"padding-top:2em;padding-right:2em;padding-bottom:2em;padding-left:2em\">\n<h3 class=\"wp-block-heading\" id=\"patron\" style=\"font-size:28px\"><strong>Deux jours et une nuit <\/strong><\/h3>\n\n\n\n<p style=\"font-size:15px\">Pour prolonger l&rsquo;exp\u00e9rience et prendre le temps de d\u00e9connecter du quotidien<\/p>\n\n\n\n<hr class=\"wp-block-separator has-css-opacity is-style-wide\"\/>\n<\/div>\n\n\n\n<div class=\"wp-block-column has-nv-site-bg-color has-nv-dark-bg-background-color has-text-color has-background has-link-color wp-elements-5842ad5be5e3dd9f6cc98a56b60ba8ae is-layout-flow wp-block-column-is-layout-flow\" style=\"padding-top:2em;padding-right:2em;padding-bottom:2em;padding-left:2em\">\n<h3 class=\"wp-block-heading\" id=\"patron\" style=\"font-size:28px\"><strong>Trois jours ou plus <\/strong>encore<\/h3>\n\n\n\n<p style=\"font-size:15px\">Tout est possible au moulin :  contactez-nous pour imaginer votre outworking sur mesure ! <\/p>\n\n\n\n<hr class=\"wp-block-separator has-css-opacity is-style-wide\"\/>\n\n\n\n<div class=\"wp-block-buttons is-horizontal is-content-justification-center is-layout-flex wp-container-core-buttons-is-layout-499968f5 wp-block-buttons-is-layout-flex\"><\/div>\n<\/div>\n<\/div>\n\n\n\n<div style=\"height:27px\" aria-hidden=\"true\" class=\"wp-block-spacer\"><\/div>\n\n\n\n<h2 class=\"wp-block-heading\">Nos \u00e9quipements et services<\/h2>\n\n\n\n<div style=\"height:42px\" aria-hidden=\"true\" class=\"wp-block-spacer\"><\/div>\n\n\n\n<div class=\"wp-block-group is-content-justification-space-between is-nowrap is-layout-flex wp-container-core-group-is-layout-0dfbf163 wp-block-group-is-layout-flex\">\n<figure class=\"wp-block-image size-full is-resized is-style-default\"><img loading=\"lazy\" decoding=\"async\" width=\"128\" height=\"128\" src=\"https:\/\/robindesmoulins.fr\/wp-content\/uploads\/2022\/11\/wifi-1.png\" alt=\"\" class=\"wp-image-394\" style=\"width:64px;height:64px\"\/><figcaption class=\"wp-element-caption\">Wifi haut d\u00e9bit (fibre)<\/figcaption><\/figure>\n\n\n\n<figure class=\"wp-block-image size-full is-resized is-style-default\"><img loading=\"lazy\" decoding=\"async\" width=\"128\" height=\"128\" src=\"https:\/\/robindesmoulins.fr\/wp-content\/uploads\/2022\/11\/projecteur.png\" alt=\"\" class=\"wp-image-391\" style=\"width:64px;height:64px\"\/><figcaption class=\"wp-element-caption\">Projecteur et connectique<\/figcaption><\/figure>\n\n\n\n<figure class=\"wp-block-image size-full is-resized is-style-default\"><img loading=\"lazy\" decoding=\"async\" width=\"128\" height=\"128\" src=\"https:\/\/robindesmoulins.fr\/wp-content\/uploads\/2022\/11\/crayon.png\" alt=\"\" class=\"wp-image-396\" style=\"width:64px;height:64px\"\/><figcaption class=\"wp-element-caption\">Papier et stylos<\/figcaption><\/figure>\n\n\n\n<figure class=\"wp-block-image size-full is-resized is-style-default\"><img loading=\"lazy\" decoding=\"async\" width=\"128\" height=\"128\" src=\"https:\/\/robindesmoulins.fr\/wp-content\/uploads\/2022\/11\/imprimante.png\" alt=\"\" class=\"wp-image-395\" style=\"width:64px;height:64px\"\/><figcaption class=\"wp-element-caption\">Imprimante<\/figcaption><\/figure>\n\n\n\n<figure class=\"wp-block-image size-full is-resized is-style-default\"><img loading=\"lazy\" decoding=\"async\" width=\"128\" height=\"128\" src=\"https:\/\/robindesmoulins.fr\/wp-content\/uploads\/2022\/11\/prof.png\" alt=\"\" class=\"wp-image-390\" style=\"width:64px;height:64px\"\/><figcaption class=\"wp-element-caption\">Paperboard<\/figcaption><\/figure>\n<\/div>\n\n\n\n<div style=\"height:37px\" aria-hidden=\"true\" class=\"wp-block-spacer\"><\/div>\n\n\n\n<div class=\"wp-block-group is-content-justification-space-between is-nowrap is-layout-flex wp-container-core-group-is-layout-0dfbf163 wp-block-group-is-layout-flex\">\n<figure class=\"wp-block-image size-full is-resized is-style-default\"><img loading=\"lazy\" decoding=\"async\" width=\"128\" height=\"128\" src=\"https:\/\/robindesmoulins.fr\/wp-content\/uploads\/2022\/11\/le-sourire.png\" alt=\"\" class=\"wp-image-383\" style=\"width:64px;height:64px\"\/><figcaption class=\"wp-element-caption\">Une personne d\u00e9di\u00e9e<\/figcaption><\/figure>\n\n\n\n<figure class=\"wp-block-image size-full is-resized is-style-default\"><img loading=\"lazy\" decoding=\"async\" width=\"128\" height=\"128\" src=\"https:\/\/robindesmoulins.fr\/wp-content\/uploads\/2022\/11\/theiere.png\" alt=\"\" class=\"wp-image-392\" style=\"width:64px;height:64px\"\/><figcaption class=\"wp-element-caption\">Caf\u00e9 et boissons chaudes<\/figcaption><\/figure>\n\n\n\n<figure class=\"wp-block-image size-full is-resized is-style-default\"><img loading=\"lazy\" decoding=\"async\" width=\"128\" height=\"128\" src=\"https:\/\/robindesmoulins.fr\/wp-content\/uploads\/2022\/11\/tablier-1.png\" alt=\"\" class=\"wp-image-386\" style=\"width:64px;height:64px\"\/><figcaption class=\"wp-element-caption\">Formules repas<\/figcaption><\/figure>\n\n\n\n<figure class=\"wp-block-image size-full is-resized is-style-default\"><img loading=\"lazy\" decoding=\"async\" width=\"128\" height=\"128\" src=\"https:\/\/robindesmoulins.fr\/wp-content\/uploads\/2022\/11\/un-barbecue.png\" alt=\"\" class=\"wp-image-382\" style=\"width:64px;height:64px\"\/><figcaption class=\"wp-element-caption\">Barbecue<\/figcaption><\/figure>\n\n\n\n<figure class=\"wp-block-image size-full is-resized is-style-default\"><img loading=\"lazy\" decoding=\"async\" width=\"128\" height=\"128\" src=\"https:\/\/robindesmoulins.fr\/wp-content\/uploads\/2022\/11\/pomme.png\" alt=\"\" class=\"wp-image-397\" style=\"width:64px;height:64px\"\/><figcaption class=\"wp-element-caption\">Fruits du verger<\/figcaption><\/figure>\n\n\n\n<figure class=\"wp-block-image size-full is-resized is-style-default\"><img loading=\"lazy\" decoding=\"async\" width=\"128\" height=\"128\" src=\"https:\/\/robindesmoulins.fr\/wp-content\/uploads\/2022\/11\/tablier.png\" alt=\"\" class=\"wp-image-387\" style=\"width:64px;height:64px\"\/><figcaption class=\"wp-element-caption\">Cuisine \u00e9quip\u00e9e<\/figcaption><\/figure>\n<\/div>\n\n\n\n<div style=\"height:37px\" aria-hidden=\"true\" class=\"wp-block-spacer\"><\/div>\n\n\n\n<div class=\"wp-block-group is-content-justification-space-between is-nowrap is-layout-flex wp-container-core-group-is-layout-0dfbf163 wp-block-group-is-layout-flex\">\n<figure class=\"wp-block-image size-full is-resized is-style-default\"><img loading=\"lazy\" decoding=\"async\" width=\"128\" height=\"128\" src=\"https:\/\/robindesmoulins.fr\/wp-content\/uploads\/2022\/11\/cheminee.png\" alt=\"\" class=\"wp-image-389\" style=\"width:64px;height:64px\"\/><figcaption class=\"wp-element-caption\">Chemin\u00e9e<\/figcaption><\/figure>\n\n\n\n<figure class=\"wp-block-image size-full is-resized is-style-default\"><img loading=\"lazy\" decoding=\"async\" width=\"128\" height=\"128\" src=\"https:\/\/robindesmoulins.fr\/wp-content\/uploads\/2022\/11\/des-arbres.png\" alt=\"\" class=\"wp-image-384\" style=\"width:64px;height:64px\"\/><figcaption class=\"wp-element-caption\">Parc de 2 hectares<\/figcaption><\/figure>\n\n\n\n<figure class=\"wp-block-image size-full is-resized is-style-default\"><img loading=\"lazy\" decoding=\"async\" width=\"128\" height=\"128\" src=\"https:\/\/robindesmoulins.fr\/wp-content\/uploads\/2022\/11\/vent.png\" alt=\"\" class=\"wp-image-385\" style=\"width:64px;height:64px\"\/><figcaption class=\"wp-element-caption\">3 cours d&rsquo;eau<\/figcaption><\/figure>\n\n\n\n<figure class=\"wp-block-image size-full is-resized is-style-default\"><img loading=\"lazy\" decoding=\"async\" width=\"128\" height=\"128\" src=\"https:\/\/robindesmoulins.fr\/wp-content\/uploads\/2022\/11\/soleil.png\" alt=\"\" class=\"wp-image-399\" style=\"width:64px;height:64px\"\/><figcaption class=\"wp-element-caption\">Grand air<\/figcaption><\/figure>\n\n\n\n<figure class=\"wp-block-image size-full is-resized is-style-default\"><img loading=\"lazy\" decoding=\"async\" width=\"128\" height=\"128\" src=\"https:\/\/robindesmoulins.fr\/wp-content\/uploads\/2022\/11\/oiseau-1.png\" alt=\"\" class=\"wp-image-398\" style=\"width:64px;height:64px\"\/><figcaption class=\"wp-element-caption\">Chant des oiseaux<\/figcaption><\/figure>\n<\/div>\n\n\n\n<hr class=\"wp-block-separator has-alpha-channel-opacity\"\/>\n\n\n\n<div class=\"wp-block-media-text alignwide has-media-on-the-right is-stacked-on-mobile is-vertically-aligned-center has-nv-light-bg-background-color has-background\"><div class=\"wp-block-media-text__content\">\n<div class=\"wp-block-group\" style=\"padding-top:2em;padding-right:2em;padding-bottom:2em;padding-left:2em\"><div class=\"wp-block-group__inner-container is-layout-flow wp-block-group-is-layout-flow\">\n<h2 class=\"wp-block-heading\" style=\"font-size:36px\">Nos formules repas<\/h2>\n\n\n\n<p class=\"has-extra-small-font-size\">Bien manger, c&rsquo;est important, encore plus quand on travaille ! C&rsquo;est pourquoi nous travaillons avec des partenaires de confiance pour vous proposer des formules sur mesure adapt\u00e9es \u00e0 vos envies.<\/p>\n<\/div><\/div>\n<\/div><figure class=\"wp-block-media-text__media\"><img loading=\"lazy\" decoding=\"async\" width=\"1024\" height=\"1024\" src=\"https:\/\/robindesmoulins.fr\/wp-content\/uploads\/2022\/11\/IMG_0553-1024x1024.jpeg\" alt=\"\" class=\"wp-image-379 size-full\" srcset=\"https:\/\/robindesmoulins.fr\/wp-content\/uploads\/2022\/11\/IMG_0553-1024x1024.jpeg 1024w, https:\/\/robindesmoulins.fr\/wp-content\/uploads\/2022\/11\/IMG_0553-300x300.jpeg 300w, https:\/\/robindesmoulins.fr\/wp-content\/uploads\/2022\/11\/IMG_0553-150x150.jpeg 150w, https:\/\/robindesmoulins.fr\/wp-content\/uploads\/2022\/11\/IMG_0553-768x768.jpeg 768w, https:\/\/robindesmoulins.fr\/wp-content\/uploads\/2022\/11\/IMG_0553-1536x1536.jpeg 1536w, https:\/\/robindesmoulins.fr\/wp-content\/uploads\/2022\/11\/IMG_0553-2048x2048.jpeg 2048w\" sizes=\"auto, (max-width: 1024px) 100vw, 1024px\" \/><\/figure><\/div>\n\n\n\n<div style=\"height:56px\" aria-hidden=\"true\" class=\"wp-block-spacer\"><\/div>\n\n\n\n<h3 class=\"wp-block-heading\">Notre catalogue, reflet de nos valeurs et notre ancrage local<\/h3>\n\n\n\n<p>D\u00e9couvrez notre catalogue, avec plus d\u2019une vingtaine de partenaires locaux s\u00e9lectionn\u00e9s avec soin et avec qui on a plaisir de travailler!<\/p>\n\n\n\n<p>Il y a pour tous les go\u00fbts : bien s\u00fbr des actions de sensibilisation aux enjeux environnementaux et climatiques, mais aussi des olympiades sp\u00e9cialement imagin\u00e9es pour le moulin, des ateliers cr\u00e9atifs, de la cuisine, du yoga et m\u00eame du yoga du rire (si si \u00e7a existe, et c\u2019est top en team building).<\/p>\n\n\n\n<p>On vous laisse <a href=\"https:\/\/issuu.com\/robindesmoulins\/docs\/catalogue_6_\" target=\"_blank\" rel=\"noopener\" title=\"\">le d\u00e9couvrir<\/a>, et nous contacter si une activit\u00e9 vous int\u00e9resse !<\/p>\n\n\n\n<div class=\"wp-block-columns is-layout-flex wp-container-core-columns-is-layout-9d6595d7 wp-block-columns-is-layout-flex\">\n<div class=\"wp-block-column is-layout-flow wp-block-column-is-layout-flow\"><\/div>\n<\/div>\n\n\n\n<figure class=\"wp-block-embed is-type-rich is-provider-issuu wp-block-embed-issuu\"><div class=\"wp-block-embed__wrapper\">\n<div data-url=\"https:\/\/issuu.com\/robindesmoulins\/docs\/catalogue_6_\" style=\"width: 1200px; height: 848px;\" class=\"issuuembed\"><\/div><script type=\"text\/javascript\" src=\"\/\/e.issuu.com\/embed.js\" async=\"true\"><\/script>\n<\/div><\/figure>\n\n\n\n<div style=\"height:34px\" aria-hidden=\"true\" class=\"wp-block-spacer\"><\/div>\n\n\n\n<div class=\"wp-block-columns is-layout-flex wp-container-core-columns-is-layout-9d6595d7 wp-block-columns-is-layout-flex\">\n<div class=\"wp-block-column is-layout-flow wp-block-column-is-layout-flow\">\n<h2 class=\"wp-block-heading has-x-large-font-size\">Parlons de votre projet ! <\/h2>\n<\/div>\n\n\n\n<div class=\"wp-block-column is-layout-flow wp-block-column-is-layout-flow\">\n<div class=\"wp-block-buttons is-content-justification-center is-layout-flex wp-container-core-buttons-is-layout-14c487f4 wp-block-buttons-is-layout-flex\">\n<div class=\"wp-block-button has-custom-width wp-block-button__width-50\"><a class=\"wp-block-button__link has-neve-link-color-background-color has-background wp-element-button\" style=\"border-radius:10px\">Nous contacter<\/a><\/div>\n<\/div>\n<\/div>\n<\/div>\n\n\n\n<div style=\"height:31px\" aria-hidden=\"true\" class=\"wp-block-spacer\"><\/div>\n\n\n\n<figure class=\"wp-block-image size-large is-style-default\"><img loading=\"lazy\" decoding=\"async\" width=\"1024\" height=\"676\" src=\"https:\/\/robindesmoulins.fr\/wp-content\/uploads\/2024\/05\/Robin-des-moulins-ALEOU-1024x676.png\" alt=\"\" class=\"wp-image-1719\" srcset=\"https:\/\/robindesmoulins.fr\/wp-content\/uploads\/2024\/05\/Robin-des-moulins-ALEOU-1024x676.png 1024w, https:\/\/robindesmoulins.fr\/wp-content\/uploads\/2024\/05\/Robin-des-moulins-ALEOU-300x198.png 300w, https:\/\/robindesmoulins.fr\/wp-content\/uploads\/2024\/05\/Robin-des-moulins-ALEOU-768x507.png 768w, https:\/\/robindesmoulins.fr\/wp-content\/uploads\/2024\/05\/Robin-des-moulins-ALEOU-1536x1013.png 1536w, https:\/\/robindesmoulins.fr\/wp-content\/uploads\/2024\/05\/Robin-des-moulins-ALEOU.png 1637w\" sizes=\"auto, (max-width: 1024px) 100vw, 1024px\" \/><\/figure>\n","protected":false},"excerpt":{"rendered":"<p>Enti\u00e8rement privatisable, notre espace d&rsquo;outworking s\u2019agence et se module selon vos besoins. Fonctionnel et confortable, Robin des moulins propose un espace cl\u00e9 en main enti\u00e8rement \u00e9quip\u00e9 (wifi haut d\u00e9bit via&hellip;&nbsp;<a href=\"https:\/\/robindesmoulins.fr\/index.php\/seminaires-et-reunions-professionnelles\/\" rel=\"bookmark\">Lire la suite &raquo;<span class=\"screen-reader-text\">Venir en outworking<\/span><\/a><\/p>\n","protected":false},"author":1,"featured_media":0,"parent":0,"menu_order":0,"comment_status":"closed","ping_status":"closed","template":"","meta":{"om_disable_all_campaigns":false,"neve_meta_sidebar":"full-width","neve_meta_container":"","neve_meta_enable_content_width":"on","neve_meta_content_width":100,"neve_meta_title_alignment":"","neve_meta_author_avatar":"","neve_post_elements_order":"","neve_meta_disable_header":"","neve_meta_disable_footer":"","neve_meta_disable_title":"","footnotes":""},"class_list":["post-339","page","type-page","status-publish","hentry"],"aioseo_notices":[],"jetpack_sharing_enabled":true,"_links":{"self":[{"href":"https:\/\/robindesmoulins.fr\/index.php\/wp-json\/wp\/v2\/pages\/339","targetHints":{"allow":["GET"]}}],"collection":[{"href":"https:\/\/robindesmoulins.fr\/index.php\/wp-json\/wp\/v2\/pages"}],"about":[{"href":"https:\/\/robindesmoulins.fr\/index.php\/wp-json\/wp\/v2\/types\/page"}],"author":[{"embeddable":true,"href":"https:\/\/robindesmoulins.fr\/index.php\/wp-json\/wp\/v2\/users\/1"}],"replies":[{"embeddable":true,"href":"https:\/\/robindesmoulins.fr\/index.php\/wp-json\/wp\/v2\/comments?post=339"}],"version-history":[{"count":57,"href":"https:\/\/robindesmoulins.fr\/index.php\/wp-json\/wp\/v2\/pages\/339\/revisions"}],"predecessor-version":[{"id":1756,"href":"https:\/\/robindesmoulins.fr\/index.php\/wp-json\/wp\/v2\/pages\/339\/revisions\/1756"}],"wp:attachment":[{"href":"https:\/\/robindesmoulins.fr\/index.php\/wp-json\/wp\/v2\/media?parent=339"}],"curies":[{"name":"wp","href":"https:\/\/api.w.org\/{rel}","templated":true}]}}