{"id":36,"date":"2021-11-12T10:35:09","date_gmt":"2021-11-12T10:35:09","guid":{"rendered":"http:\/\/robindesmoulins.fr\/?page_id=36"},"modified":"2025-01-22T16:23:38","modified_gmt":"2025-01-22T16:23:38","slug":"contact","status":"publish","type":"page","link":"https:\/\/robindesmoulins.fr\/index.php\/contact\/","title":{"rendered":"Contact"},"content":{"rendered":"\n<div class=\"wp-block-cover alignfull\" style=\"min-height:300px;aspect-ratio:unset;\"><span aria-hidden=\"true\" class=\"wp-block-cover__background has-nv-site-bg-background-color has-background-dim-100 has-background-dim\"><\/span><div class=\"wp-block-cover__inner-container is-layout-flow wp-block-cover-is-layout-flow\">\n<div class=\"wp-block-group\"><div class=\"wp-block-group__inner-container is-layout-flow wp-block-group-is-layout-flow\">\n<h1 class=\"wp-block-heading has-text-align-left has-neve-text-color-color has-text-color\" id=\"une-question-une-idee-contactez-nous\">Une question, une id\u00e9e ? Contactez-nous ! <\/h1>\n<\/div><\/div>\n<\/div><\/div>\n\n\n\n<div class=\"wp-block-cover alignfull\" style=\"min-height:425px;aspect-ratio:unset;\"><span aria-hidden=\"true\" class=\"wp-block-cover__background has-nv-light-bg-background-color has-background-dim-100 has-background-dim\"><\/span><div class=\"wp-block-cover__inner-container is-layout-flow wp-block-cover-is-layout-flow\">\n<div style=\"height:12px\" aria-hidden=\"true\" class=\"wp-block-spacer\"><\/div>\n\n\n\n<p><\/p>\n\n\n\n<p class=\"has-neve-link-color-color has-text-color\"><a href=\"http:\/\/www.robindesmoulins.fr\" target=\"_blank\" rel=\"noreferrer noopener\">Robin des moulins<\/a> est un terrain d&rsquo;exp\u00e9rimentations, ouvert aux propositions et aux opportunit\u00e9s. <\/p>\n\n\n\n<p class=\"has-neve-link-color-color has-text-color\"><strong>Vous \u00eates une entreprise<\/strong> et vous voulez organiser un s\u00e9minaire offsite engag\u00e9e et bas carbone \u00e0 moins d&rsquo;une heure de Paris ? Vous souhaitez vivre une exp\u00e9rience solidaire et responsable pour renforcer les liens dans vos \u00e9quipes ? Vous voulez aller un pas plus loin dans la RSE et la transition de votre entreprise ?<\/p>\n\n\n\n<p class=\"has-neve-link-color-color has-text-color\">Vous \u00eates un <strong>acteur local<\/strong> et vous souhaitez contribuer \u00e0 faire vivre le moulin ou partager avec nous vos talents ? <\/p>\n\n\n\n<p class=\"has-neve-link-color-color has-text-color\">N&rsquo;h\u00e9sitez pas \u00e0 nous contacter pour en discuter ! <\/p>\n\n\n\n<div class=\"wp-block-columns is-layout-flex wp-container-core-columns-is-layout-9d6595d7 wp-block-columns-is-layout-flex\">\n<div class=\"wp-block-column is-layout-flow wp-block-column-is-layout-flow\">\n<div style=\"height:24px\" aria-hidden=\"true\" class=\"wp-block-spacer\"><\/div>\n\n\n<div class=\"wp-block-image icon-style is-style-rounded\">\n<figure class=\"aligncenter size-full is-resized\"><img loading=\"lazy\" decoding=\"async\" width=\"256\" height=\"256\" src=\"https:\/\/robindesmoulins.fr\/wp-content\/uploads\/2021\/11\/phone-call.png\" alt=\"\" class=\"wp-image-191\" style=\"width:75px;height:75px\" srcset=\"https:\/\/robindesmoulins.fr\/wp-content\/uploads\/2021\/11\/phone-call.png 256w, https:\/\/robindesmoulins.fr\/wp-content\/uploads\/2021\/11\/phone-call-150x150.png 150w\" sizes=\"auto, (max-width: 256px) 100vw, 256px\" \/><\/figure>\n<\/div>\n\n\n<h3 class=\"wp-block-heading has-text-align-center has-neve-text-color-color has-text-color\" id=\"telephone\">T\u00e9l\u00e9phone<\/h3>\n\n\n\n<p class=\"has-text-align-center has-neve-text-color-color has-text-color\" style=\"font-size:15px\">06 77 88 49 96 <\/p>\n\n\n\n<div style=\"height:24px\" aria-hidden=\"true\" class=\"wp-block-spacer\"><\/div>\n<\/div>\n\n\n\n<div class=\"wp-block-column is-layout-flow wp-block-column-is-layout-flow\">\n<div style=\"height:24px\" aria-hidden=\"true\" class=\"wp-block-spacer\"><\/div>\n\n\n<div class=\"wp-block-image icon-style is-style-rounded\">\n<figure class=\"aligncenter size-full is-resized\"><img loading=\"lazy\" decoding=\"async\" width=\"256\" height=\"256\" src=\"https:\/\/robindesmoulins.fr\/wp-content\/uploads\/2021\/11\/arobase.png\" alt=\"\" class=\"wp-image-192\" style=\"width:75px;height:75px\" srcset=\"https:\/\/robindesmoulins.fr\/wp-content\/uploads\/2021\/11\/arobase.png 256w, https:\/\/robindesmoulins.fr\/wp-content\/uploads\/2021\/11\/arobase-150x150.png 150w\" sizes=\"auto, (max-width: 256px) 100vw, 256px\" \/><\/figure>\n<\/div>\n\n\n<h3 class=\"wp-block-heading has-text-align-center has-neve-text-color-color has-text-color\" id=\"email\">Email<\/h3>\n\n\n\n<p class=\"has-text-align-center has-neve-text-color-color has-text-color\" style=\"font-size:15px\">aurelie @ robindesmoulins.fr<\/p>\n\n\n\n<div style=\"height:24px\" aria-hidden=\"true\" class=\"wp-block-spacer\"><\/div>\n<\/div>\n\n\n\n<div class=\"wp-block-column is-layout-flow wp-block-column-is-layout-flow\">\n<div style=\"height:24px\" aria-hidden=\"true\" class=\"wp-block-spacer\"><\/div>\n\n\n<div class=\"wp-block-image icon-style is-style-rounded\">\n<figure class=\"aligncenter size-full is-resized\"><img loading=\"lazy\" decoding=\"async\" width=\"256\" height=\"256\" src=\"https:\/\/robindesmoulins.fr\/wp-content\/uploads\/2021\/11\/pin.png\" alt=\"\" class=\"wp-image-271\" style=\"width:75px;height:75px\" srcset=\"https:\/\/robindesmoulins.fr\/wp-content\/uploads\/2021\/11\/pin.png 256w, https:\/\/robindesmoulins.fr\/wp-content\/uploads\/2021\/11\/pin-150x150.png 150w\" sizes=\"auto, (max-width: 256px) 100vw, 256px\" \/><\/figure>\n<\/div>\n\n\n<h3 class=\"wp-block-heading has-text-align-center has-neve-text-color-color has-text-color\" id=\"adresse\">Adresse<\/h3>\n\n\n\n<p class=\"has-text-align-center has-neve-text-color-color has-text-color\" style=\"font-size:15px\">5 chemin du bois, 60540 BORNEL<\/p>\n\n\n\n<div style=\"height:24px\" aria-hidden=\"true\" class=\"wp-block-spacer\"><\/div>\n<\/div>\n<\/div>\n\n\n\n<div style=\"height:30px\" aria-hidden=\"true\" class=\"wp-block-spacer\"><\/div>\n<\/div><\/div>\n\n\n\n<div class=\"wp-block-cover alignfull\" style=\"min-height:600px;aspect-ratio:unset;\"><span aria-hidden=\"true\" class=\"wp-block-cover__background has-nv-dark-bg-background-color has-background-dim-100 has-background-dim\"><\/span><div class=\"wp-block-cover__inner-container is-layout-flow wp-block-cover-is-layout-flow\">\n<div class=\"wp-block-group\"><div class=\"wp-block-group__inner-container is-layout-flow wp-block-group-is-layout-flow\">\n<div style=\"height:21px\" aria-hidden=\"true\" class=\"wp-block-spacer\"><\/div>\n\n\n\n<div class=\"wp-block-columns is-layout-flex wp-container-core-columns-is-layout-9d6595d7 wp-block-columns-is-layout-flex\">\n<div class=\"wp-block-column is-vertically-aligned-center is-layout-flow wp-block-column-is-layout-flow\" style=\"flex-basis:50%\">\n<h2 class=\"wp-block-heading has-nv-text-dark-bg-color has-text-color\" id=\"venez-nous-voir\">Venez nous voir ! <\/h2>\n\n\n\n<p><\/p>\n\n\n\n<p class=\"has-white-color has-text-color\">Notre adresse : 5 chemin du bois, 60540 Bornel. <\/p>\n\n\n\n<p class=\"has-white-color has-text-color\">Acc\u00e8s direct en train depuis Paris &#8211; Gare du Nord via la gare de Esches, situ\u00e9e \u00e0 15 min \u00e0 pied du moulin en empruntant un petit chemin en bordure de for\u00eat. <\/p>\n\n\n\n<p class=\"has-white-color has-text-color\"><\/p>\n\n\n\n<div class=\"wp-block-buttons is-layout-flex wp-block-buttons-is-layout-flex\">\n<div class=\"wp-block-button has-custom-width wp-block-button__width-75 has-custom-font-size is-style-primary has-medium-font-size\"><a class=\"wp-block-button__link wp-element-button\" href=\"https:\/\/robindesmoulins.fr\/index.php\/demander-un-devis\/\" style=\"border-radius:11px\">R\u00e9servez votre s\u00e9minaire au moulin<\/a><\/div>\n<\/div>\n<\/div>\n\n\n\n<div class=\"wp-block-column is-vertically-aligned-center is-layout-flow wp-block-column-is-layout-flow\" style=\"flex-basis:50%\"><div class=\"wp-block-image\">\n<figure class=\"aligncenter size-large\"><img loading=\"lazy\" decoding=\"async\" width=\"881\" height=\"1024\" src=\"https:\/\/robindesmoulins.fr\/wp-content\/uploads\/2022\/11\/Par-le-train-881x1024.jpg\" alt=\"\" class=\"wp-image-571\" srcset=\"https:\/\/robindesmoulins.fr\/wp-content\/uploads\/2022\/11\/Par-le-train-881x1024.jpg 881w, https:\/\/robindesmoulins.fr\/wp-content\/uploads\/2022\/11\/Par-le-train-258x300.jpg 258w, https:\/\/robindesmoulins.fr\/wp-content\/uploads\/2022\/11\/Par-le-train-768x893.jpg 768w, https:\/\/robindesmoulins.fr\/wp-content\/uploads\/2022\/11\/Par-le-train.jpg 1259w\" sizes=\"auto, (max-width: 881px) 100vw, 881px\" \/><figcaption class=\"wp-element-caption\">Paris &#8211; Robin des moulins : 45 min en train direct depuis Gare du Nord<\/figcaption><\/figure>\n<\/div>\n\n\n<p><\/p>\n<\/div>\n<\/div>\n\n\n\n<div style=\"height:40px\" aria-hidden=\"true\" class=\"wp-block-spacer\"><\/div>\n<\/div><\/div>\n<\/div><\/div>\n\n\n\n<p><\/p>\n","protected":false},"excerpt":{"rendered":"","protected":false},"author":1,"featured_media":0,"parent":0,"menu_order":0,"comment_status":"closed","ping_status":"closed","template":"","meta":{"om_disable_all_campaigns":false,"neve_meta_sidebar":"","neve_meta_container":"","neve_meta_enable_content_width":"on","neve_meta_content_width":100,"neve_meta_title_alignment":"","neve_meta_author_avatar":"","neve_post_elements_order":"","neve_meta_disable_header":"","neve_meta_disable_footer":"","neve_meta_disable_title":"on","footnotes":""},"class_list":["post-36","page","type-page","status-publish","hentry"],"aioseo_notices":[],"jetpack_sharing_enabled":true,"_links":{"self":[{"href":"https:\/\/robindesmoulins.fr\/index.php\/wp-json\/wp\/v2\/pages\/36","targetHints":{"allow":["GET"]}}],"collection":[{"href":"https:\/\/robindesmoulins.fr\/index.php\/wp-json\/wp\/v2\/pages"}],"about":[{"href":"https:\/\/robindesmoulins.fr\/index.php\/wp-json\/wp\/v2\/types\/page"}],"author":[{"embeddable":true,"href":"https:\/\/robindesmoulins.fr\/index.php\/wp-json\/wp\/v2\/users\/1"}],"replies":[{"embeddable":true,"href":"https:\/\/robindesmoulins.fr\/index.php\/wp-json\/wp\/v2\/comments?post=36"}],"version-history":[{"count":27,"href":"https:\/\/robindesmoulins.fr\/index.php\/wp-json\/wp\/v2\/pages\/36\/revisions"}],"predecessor-version":[{"id":2107,"href":"https:\/\/robindesmoulins.fr\/index.php\/wp-json\/wp\/v2\/pages\/36\/revisions\/2107"}],"wp:attachment":[{"href":"https:\/\/robindesmoulins.fr\/index.php\/wp-json\/wp\/v2\/media?parent=36"}],"curies":[{"name":"wp","href":"https:\/\/api.w.org\/{rel}","templated":true}]}}