{"id":800,"date":"2023-03-21T15:02:11","date_gmt":"2023-03-21T15:02:11","guid":{"rendered":"http:\/\/robindesmoulins.fr\/?page_id=800"},"modified":"2025-06-19T07:08:55","modified_gmt":"2025-06-19T07:08:55","slug":"sengager-dans-la-transition","status":"publish","type":"page","link":"https:\/\/robindesmoulins.fr\/index.php\/sengager-dans-la-transition\/","title":{"rendered":"S&rsquo;engager dans la transition"},"content":{"rendered":"\n<h3 class=\"wp-block-heading\"><strong>Apprendre, comprendre, agir<\/strong> dans la transition \u00e9cologique<\/h3>\n\n\n\n<div class=\"wp-block-media-text alignwide has-media-on-the-right is-stacked-on-mobile is-vertically-aligned-center has-nv-site-bg-background-color has-background\"><div class=\"wp-block-media-text__content\">\n<div class=\"wp-block-group\" style=\"padding-top:2em;padding-right:2em;padding-bottom:2em;padding-left:2em\"><div class=\"wp-block-group__inner-container is-layout-flow wp-block-group-is-layout-flow\">\n<h1 class=\"wp-block-heading has-medium-font-size\"><strong>Notre accompagnement sur-mesure \u00e0 la transition \u00e9cologique<\/strong><\/h1>\n\n\n\n<p style=\"font-size:15px;line-height:1.6\"><strong>\u00c9change sur vos besoins <\/strong>et la maturit\u00e9 de votre collectif sur le sujet de transition \u00e9cologique pour faire de votre visite au moulin un moment cl\u00e9 et inspirant pour votre entreprise. <\/p>\n\n\n\n<p style=\"font-size:15px;line-height:1.6\"><strong>Sensibilisation <\/strong>aux enjeux environnementaux et sociaux. (Fresque du climat, Fresque de la biodiversit\u00e9, Marche du temps profond, Atelier 2tonnes, &#8230;) <\/p>\n\n\n\n<p style=\"font-size:15px;line-height:1.6\"><strong>Compr\u00e9hension <\/strong>des m\u00e9canismes du changement climatique et des leviers \u00e0 activer.<\/p>\n\n\n\n<p style=\"font-size:15px;line-height:1.6\"><strong>R\u00e9flexion <\/strong>sur votre c\u0153ur de m\u00e9tier et la contribution sociale et environnementale de votre entreprise pour <strong>\u00e9laborer votre plan d&rsquo;action<\/strong>.<\/p>\n<\/div><\/div>\n<\/div><figure class=\"wp-block-media-text__media\"><img loading=\"lazy\" decoding=\"async\" width=\"1024\" height=\"633\" src=\"https:\/\/robindesmoulins.fr\/wp-content\/uploads\/2023\/03\/Robin-des-moulins-transition-1024x633.png\" alt=\"\" class=\"wp-image-826 size-full\" srcset=\"https:\/\/robindesmoulins.fr\/wp-content\/uploads\/2023\/03\/Robin-des-moulins-transition-1024x633.png 1024w, https:\/\/robindesmoulins.fr\/wp-content\/uploads\/2023\/03\/Robin-des-moulins-transition-300x185.png 300w, https:\/\/robindesmoulins.fr\/wp-content\/uploads\/2023\/03\/Robin-des-moulins-transition-768x475.png 768w, https:\/\/robindesmoulins.fr\/wp-content\/uploads\/2023\/03\/Robin-des-moulins-transition.png 1128w\" sizes=\"auto, (max-width: 1024px) 100vw, 1024px\" \/><\/figure><\/div>\n\n\n\n<h3 class=\"wp-block-heading\">Nos partenaires \u00a0<\/h3>\n\n\n\n<div class=\"wp-block-media-text alignwide has-media-on-the-right is-stacked-on-mobile is-vertically-aligned-center has-nv-site-bg-background-color has-background\" style=\"grid-template-columns:auto 30%\"><div class=\"wp-block-media-text__content\">\n<div class=\"wp-block-group\" style=\"padding-top:2em;padding-right:2em;padding-bottom:2em;padding-left:2em\"><div class=\"wp-block-group__inner-container is-layout-flow wp-block-group-is-layout-flow\">\n<h1 class=\"wp-block-heading has-medium-font-size\"><strong>PONGO Conseil<\/strong><\/h1>\n\n\n\n<p style=\"font-size:15px;line-height:1.6\">Cabinet de <strong>conseil en strat\u00e9gie et transition<\/strong>, nos voisins de <a href=\"https:\/\/pongo-conseil.fr\/\" target=\"_blank\" rel=\"noopener\" title=\"\"><strong>PONGO Conseil<\/strong><\/a> partagent nos valeurs et nos engagements !<\/p>\n\n\n\n<p style=\"font-size:15px;line-height:1.6\">PONGO conseil accompagne les PME et ETI du territoire dans la <strong>transformation de leur mod\u00e8le d&rsquo;affaires en int\u00e9grant les enjeux extra-financiers<\/strong> (gouvernance, social et environnemental). Fond\u00e9 par Estelle Fasola, juriste sp\u00e9cialis\u00e9e en finance responsable, PONGO conseil est notre partenaire cl\u00e9 pour sensibiliser aux enjeux de transition les entreprises du territoire et construire des entreprises r\u00e9g\u00e9n\u00e9ratives.<\/p>\n<\/div><\/div>\n<\/div><figure class=\"wp-block-media-text__media\"><a href=\"https:\/\/pongo-conseil.fr\/\"><img loading=\"lazy\" decoding=\"async\" width=\"1024\" height=\"1024\" src=\"https:\/\/robindesmoulins.fr\/wp-content\/uploads\/2025\/06\/PONGO-conseil-1024x1024.png\" alt=\"\" class=\"wp-image-2150 size-full\" srcset=\"https:\/\/robindesmoulins.fr\/wp-content\/uploads\/2025\/06\/PONGO-conseil-1024x1024.png 1024w, https:\/\/robindesmoulins.fr\/wp-content\/uploads\/2025\/06\/PONGO-conseil-300x300.png 300w, https:\/\/robindesmoulins.fr\/wp-content\/uploads\/2025\/06\/PONGO-conseil-150x150.png 150w, https:\/\/robindesmoulins.fr\/wp-content\/uploads\/2025\/06\/PONGO-conseil-768x768.png 768w, https:\/\/robindesmoulins.fr\/wp-content\/uploads\/2025\/06\/PONGO-conseil-1536x1536.png 1536w, https:\/\/robindesmoulins.fr\/wp-content\/uploads\/2025\/06\/PONGO-conseil.png 1620w\" sizes=\"auto, (max-width: 1024px) 100vw, 1024px\" \/><\/a><\/figure><\/div>\n\n\n\n<div class=\"wp-block-media-text alignwide has-media-on-the-right is-stacked-on-mobile is-vertically-aligned-center has-nv-site-bg-background-color has-background\" style=\"grid-template-columns:auto 30%\"><div class=\"wp-block-media-text__content\">\n<div class=\"wp-block-group\" style=\"padding-top:2em;padding-right:2em;padding-bottom:2em;padding-left:2em\"><div class=\"wp-block-group__inner-container is-layout-flow wp-block-group-is-layout-flow\">\n<h1 class=\"wp-block-heading has-medium-font-size\"><strong>Groupe ISIA <\/strong><\/h1>\n\n\n\n<p style=\"font-size:15px;line-height:1.6\">Le <a href=\"https:\/\/groupe-isia.com\/\" target=\"_blank\" rel=\"noopener\" title=\"\">groupe ISIA<\/a> rassemble un collectif d&rsquo;experts engag\u00e9s pour un\u00a0num\u00e9rique juste et responsable, au service de la r\u00e9duction de l&#8217;empreinte sociale, soci\u00e9tale et environnementale du num\u00e9rique.  <\/p>\n\n\n\n<p style=\"font-size:15px;line-height:1.6\">Nous avons rencontr\u00e9 la branche Conseil et Formation du groupe ISIA lors de leur s\u00e9minaire annuel au moulin. C&rsquo;est l\u00e0 que nous avons d\u00e9cid\u00e9 de monter une <a href=\"https:\/\/robindesmoulins.fr\/index.php\/2024\/05\/06\/on-propose-des-formations-dediees-a-la-transition\/\" target=\"_blank\" rel=\"noopener\" title=\"\">offre de formation<\/a> commune, certifi\u00e9e Qualiopi. Nos formations sur la transition \u00e9cologique portent sur le vivant et la biodiversit\u00e9 d&rsquo;une part et le climat et le carbone d&rsquo;autre part. <\/p>\n<\/div><\/div>\n<\/div><figure class=\"wp-block-media-text__media\"><a href=\"https:\/\/pongo-conseil.fr\/\"><img loading=\"lazy\" decoding=\"async\" width=\"494\" height=\"493\" src=\"https:\/\/robindesmoulins.fr\/wp-content\/uploads\/2025\/06\/Capture-decran-2025-06-18-191448.png\" alt=\"\" class=\"wp-image-2156 size-full\" srcset=\"https:\/\/robindesmoulins.fr\/wp-content\/uploads\/2025\/06\/Capture-decran-2025-06-18-191448.png 494w, https:\/\/robindesmoulins.fr\/wp-content\/uploads\/2025\/06\/Capture-decran-2025-06-18-191448-300x300.png 300w, https:\/\/robindesmoulins.fr\/wp-content\/uploads\/2025\/06\/Capture-decran-2025-06-18-191448-150x150.png 150w\" sizes=\"auto, (max-width: 494px) 100vw, 494px\" \/><\/a><\/figure><\/div>\n\n\n\n<div class=\"wp-block-media-text alignwide has-media-on-the-right is-stacked-on-mobile is-vertically-aligned-center has-nv-site-bg-background-color has-background\" style=\"grid-template-columns:auto 30%\"><div class=\"wp-block-media-text__content\">\n<div class=\"wp-block-group\" style=\"padding-top:2em;padding-right:2em;padding-bottom:2em;padding-left:2em\"><div class=\"wp-block-group__inner-container is-layout-flow wp-block-group-is-layout-flow\">\n<h1 class=\"wp-block-heading has-medium-font-size\"><strong>La Javaness <\/strong><\/h1>\n\n\n\n<p style=\"font-size:15px;line-height:1.6\">Pur player fran\u00e7ais de l\u2019IA de confiance, <a href=\"https:\/\/www.lajavaness.com\/\" target=\"_blank\" rel=\"noopener\" title=\"\">La Javaness<\/a> est notre premier partenaire. C&rsquo;est avec et pour leurs \u00e9quipes que nous avons con\u00e7u <a href=\"https:\/\/robindesmoulins.fr\/\" target=\"_blank\" rel=\"noopener\" title=\"\">Robin des moulins<\/a> !   <\/p>\n\n\n\n<p style=\"font-size:15px;line-height:1.6\">S\u00e9minaires, formations, hackathons sur l&rsquo;IA 4 good, ateliers et workshops avec des clients&#8230; le moulin est en quelque sorte leur \u00ab\u00a0bureau secondaire\u00a0\u00bb! Les \u00e9quipes s&rsquo;y retrouvent pour prendre du recul, questionner leurs pratiques sous l&rsquo;angle de l&rsquo;impact et de la transition, et resserrer les liens. <\/p>\n<\/div><\/div>\n<\/div><figure class=\"wp-block-media-text__media\"><a href=\"https:\/\/pongo-conseil.fr\/\"><img loading=\"lazy\" decoding=\"async\" width=\"1024\" height=\"768\" src=\"https:\/\/robindesmoulins.fr\/wp-content\/uploads\/2025\/06\/La-Javaness-partenaire-de-Robin-des-moulins-1024x768.jpg\" alt=\"\" class=\"wp-image-2159 size-full\" srcset=\"https:\/\/robindesmoulins.fr\/wp-content\/uploads\/2025\/06\/La-Javaness-partenaire-de-Robin-des-moulins-1024x768.jpg 1024w, https:\/\/robindesmoulins.fr\/wp-content\/uploads\/2025\/06\/La-Javaness-partenaire-de-Robin-des-moulins-300x225.jpg 300w, https:\/\/robindesmoulins.fr\/wp-content\/uploads\/2025\/06\/La-Javaness-partenaire-de-Robin-des-moulins-768x576.jpg 768w, https:\/\/robindesmoulins.fr\/wp-content\/uploads\/2025\/06\/La-Javaness-partenaire-de-Robin-des-moulins-1536x1152.jpg 1536w, https:\/\/robindesmoulins.fr\/wp-content\/uploads\/2025\/06\/La-Javaness-partenaire-de-Robin-des-moulins.jpg 1773w\" sizes=\"auto, (max-width: 1024px) 100vw, 1024px\" \/><\/a><\/figure><\/div>\n\n\n\n<div class=\"wp-block-columns alignfull is-layout-flex wp-container-core-columns-is-layout-9d6595d7 wp-block-columns-is-layout-flex\"><\/div>\n\n\n\n<p><\/p>\n","protected":false},"excerpt":{"rendered":"<p>Apprendre, comprendre, agir dans la transition \u00e9cologique Nos partenaires \u00a0<\/p>\n","protected":false},"author":1,"featured_media":0,"parent":0,"menu_order":0,"comment_status":"closed","ping_status":"closed","template":"","meta":{"om_disable_all_campaigns":false,"neve_meta_sidebar":"full-width","neve_meta_container":"","neve_meta_enable_content_width":"on","neve_meta_content_width":100,"neve_meta_title_alignment":"","neve_meta_author_avatar":"","neve_post_elements_order":"","neve_meta_disable_header":"","neve_meta_disable_footer":"","neve_meta_disable_title":"","footnotes":""},"class_list":["post-800","page","type-page","status-publish","hentry"],"aioseo_notices":[],"jetpack_sharing_enabled":true,"_links":{"self":[{"href":"https:\/\/robindesmoulins.fr\/index.php\/wp-json\/wp\/v2\/pages\/800","targetHints":{"allow":["GET"]}}],"collection":[{"href":"https:\/\/robindesmoulins.fr\/index.php\/wp-json\/wp\/v2\/pages"}],"about":[{"href":"https:\/\/robindesmoulins.fr\/index.php\/wp-json\/wp\/v2\/types\/page"}],"author":[{"embeddable":true,"href":"https:\/\/robindesmoulins.fr\/index.php\/wp-json\/wp\/v2\/users\/1"}],"replies":[{"embeddable":true,"href":"https:\/\/robindesmoulins.fr\/index.php\/wp-json\/wp\/v2\/comments?post=800"}],"version-history":[{"count":21,"href":"https:\/\/robindesmoulins.fr\/index.php\/wp-json\/wp\/v2\/pages\/800\/revisions"}],"predecessor-version":[{"id":2169,"href":"https:\/\/robindesmoulins.fr\/index.php\/wp-json\/wp\/v2\/pages\/800\/revisions\/2169"}],"wp:attachment":[{"href":"https:\/\/robindesmoulins.fr\/index.php\/wp-json\/wp\/v2\/media?parent=800"}],"curies":[{"name":"wp","href":"https:\/\/api.w.org\/{rel}","templated":true}]}}